{"id":5948,"date":"2023-02-21T17:00:18","date_gmt":"2023-02-21T17:00:18","guid":{"rendered":"https:\/\/test.admsolutions.lv\/zinas-2\/"},"modified":"2025-06-10T16:31:54","modified_gmt":"2025-06-10T16:31:54","slug":"novosti","status":"publish","type":"page","link":"https:\/\/admsolutions.lv\/ru\/novosti\/","title":{"rendered":"\u041d\u043e\u0432\u043e\u0441\u0442\u0438"},"content":{"rendered":"<p>[vc_row css=&#187;.vc_custom_1676999294443{margin-bottom: 50px !important;}&#187;][vc_column]<div class=\"fancy_heading\" style=\"color:#f3ab24; font-size:61px; line-height:42px; text-align:center;  font-weight:700;  \"><h3 > \u041d\u043e\u0432\u043e\u0441\u0442\u0438<\/h3>        \n       \t\n\t\t\n\t<\/div>\n    [vc_empty_space][\/vc_column][\/vc_row][vc_row][vc_column width=&#187;1\/6&#8243;][\/vc_column][vc_column width=&#187;2\/3&#8243;][vc_row_inner][vc_column_inner width=&#187;3\/4&#8243;][vc_column_text]<\/p>\n<h3 class=\"post-title\">\u041c\u044b \u043f\u043e\u043b\u0443\u0447\u0438\u043b\u0438 ISO \u0441\u0435\u0440\u0442\u0438\u0444\u0438\u043a\u0430\u0442<\/h3>\n<p><img loading=\"lazy\" class=\"alignnone wp-image-6082\" src=\"https:\/\/admsolutions.lv\/wp-content\/uploads\/2025\/06\/NDTW-9001-JAUNS-LOGO-496x239.jpg\" alt=\"\" width=\"276\" height=\"133\" \/>[\/vc_column_text]     <div class=\"text-right compact-button\">\n       <a class=\"button btn-solid btn-txt-circle light hr_light bg_light bg_hr_primary outline_grey outline_hr_grey medium radius5 linear\"  href=\"https:\/\/admsolutions.lv\/wp-content\/uploads\/2025\/06\/AMD-Sertifikats_ENG.pdf\" target=\"_blank\"><span class=\"button-text\">Apskat\u012bt<\/span>\n                            <\/a> \n\t <\/div>\n    [\/vc_column_inner][\/vc_row_inner][\/vc_column][vc_column width=&#187;1\/6&#8243;][\/vc_column][\/vc_row][vc_row css=&#187;.vc_custom_1676999057957{margin-top: 30px !important;margin-bottom: 30px !important;}&#187;][vc_column][vc_separator style=&#187;dashed&#187; border_width=&#187;2&#8243;][\/vc_column][\/vc_row][vc_row][vc_column width=&#187;1\/6&#8243;][\/vc_column][vc_column width=&#187;2\/3&#8243;][vc_row_inner][vc_column_inner width=&#187;1\/4&#8243;][vc_single_image image=&#187;6099&#8243; img_size=&#187;full&#187;][\/vc_column_inner][vc_column_inner width=&#187;3\/4&#8243;][vc_column_text]<\/p>\n<h3 class=\"post-title\"><strong>Jaunas Fr\u0113zma\u0161\u012bnas<\/strong><\/h3>\n<p>ADM Solutions turpina att\u012bst\u012bt savu ra\u017eo\u0161anu, un \u0161ogad mums ir divas jaunas CNC vertik\u0101l\u0101s fr\u0113zma\u0161\u012bnas DN SOLUTIONS\u00a0DNM5700. M\u0113s koncentr\u0113jamies uz ra\u017eo\u0161anas kvalit\u0101tes un kvantit\u0101tes uzlabo\u0161anu, t\u0101p\u0113c izv\u0113lamies tikai sertific\u0113tu un uzlabotu apr\u012bkojumu.[\/vc_column_text]     <div class=\"text-right compact-button\">\n       <a class=\"button btn-solid btn-txt-circle light hr_light bg_light bg_hr_primary outline_grey outline_hr_grey medium radius5 linear\"  href=\"https:\/\/admsolutions.lv\/metalapstrade\/frezesana\/\" target=\"_self\"><span class=\"button-text\">Las\u012bt vair\u0101k<\/span>\n                            <\/a> \n\t <\/div>\n    [\/vc_column_inner][\/vc_row_inner][\/vc_column][vc_column width=&#187;1\/6&#8243;][\/vc_column][\/vc_row][vc_row css=&#187;.vc_custom_1676999057957{margin-top: 30px !important;margin-bottom: 30px !important;}&#187;][vc_column][vc_separator style=&#187;dashed&#187; border_width=&#187;2&#8243;][\/vc_column][\/vc_row][vc_row][vc_column width=&#187;1\/6&#8243;][\/vc_column][vc_column width=&#187;2\/3&#8243;][vc_row_inner][vc_column_inner width=&#187;1\/4&#8243;][vc_single_image image=&#187;6096&#8243; img_size=&#187;full&#187;][\/vc_column_inner][vc_column_inner width=&#187;3\/4&#8243;][vc_column_text]<\/p>\n<h3 class=\"post-title\">Jauna Fr\u0113zma\u0161\u012bna<\/h3>\n<p>ADM Solutions turpina att\u012bst\u012bt savu ra\u017eo\u0161anu, un \u0161ogad mums ir jauna CNC vertik\u0101l\u0101 fr\u0113zma\u0161\u012bna DN SOLUTIONS\u00a0DNM6700L\u00a0ar BIGPLUS v\u0101rpstu, diviem skaidu urbjiem, FANUC 0i-M vad\u012bbu ar DN Solutions (agr\u0101k Doosan Machine Tools) Easy Operation Package (EOP), caur v\u0101rpstu pl\u016bsto\u0161u dzes\u0113\u0161anas \u0161\u0137idrumu, v\u0101rpstas dzes\u0113t\u0101ju un cit\u0101m \u0113rt\u012bb\u0101m.[\/vc_column_text]     <div class=\"text-right compact-button\">\n       <a class=\"button btn-solid btn-txt-circle light hr_light bg_light bg_hr_primary outline_grey outline_hr_grey medium radius5 linear\"  href=\"https:\/\/admsolutions.lv\/metalapstrade\/frezesana\/\" target=\"_self\"><span class=\"button-text\">Las\u012bt vair\u0101k<\/span>\n                            <\/a> \n\t <\/div>\n    [\/vc_column_inner][\/vc_row_inner][\/vc_column][vc_column width=&#187;1\/6&#8243;][\/vc_column][\/vc_row][vc_row css=&#187;.vc_custom_1676999057957{margin-top: 30px !important;margin-bottom: 30px !important;}&#187;][vc_column][vc_separator style=&#187;dashed&#187; border_width=&#187;2&#8243;][\/vc_column][\/vc_row][vc_row][vc_column width=&#187;1\/6&#8243;][\/vc_column][vc_column width=&#187;2\/3&#8243;][vc_row_inner][vc_column_inner width=&#187;1\/4&#8243;][vc_single_image image=&#187;6076&#8243; img_size=&#187;full&#187;][\/vc_column_inner][vc_column_inner width=&#187;3\/4&#8243;][vc_column_text]<\/p>\n<h3 class=\"post-title\">Divu CNC vad\u0101mu fr\u0113z\u0113\u0161anas darbagaldu ar vad\u012bbas programmat\u016bru ieg\u0101de<\/h3>\n<p>SIA \u201cADM Solutions\u201d ir nosl\u0113dzis l\u012bgumu Nr. 9.2-17-L-2025\/401 ar Latvijas Invest\u012bciju un att\u012bst\u012bbas a\u0123ent\u016bru (LIAA) par divu CNC vad\u0101mu fr\u0113z\u0113\u0161anas darbagaldu ar vad\u012bbas programmat\u016bru ieg\u0101di. Projekta kop\u0113j\u0101s attiecin\u0101m\u0101s izmaksas: 180\u00a0000,00 EUR, bet Atvese\u013co\u0161an\u0101s fonda (AF) finans\u0113jums sast\u0101da 90\u00a0000,00 EUR.[\/vc_column_text][\/vc_column_inner][\/vc_row_inner][\/vc_column][vc_column width=&#187;1\/6&#8243;][\/vc_column][\/vc_row][vc_row css=&#187;.vc_custom_1676999057957{margin-top: 30px !important;margin-bottom: 30px !important;}&#187;][vc_column][vc_separator style=&#187;dashed&#187; border_width=&#187;2&#8243;][\/vc_column][\/vc_row][vc_row][vc_column width=&#187;1\/6&#8243;][\/vc_column][vc_column width=&#187;2\/3&#8243;][vc_row_inner][vc_column_inner width=&#187;1\/4&#8243;][vc_single_image image=&#187;6051&#8243; img_size=&#187;full&#187;][\/vc_column_inner][vc_column_inner width=&#187;3\/4&#8243;][vc_column_text]<\/p>\n<p class=\"post-title\">On the 19th of June 2023 \u2018\u2019ADM Solutions\u2019\u2019 Ltd. has signed an agreement Nr. SKV-L-2023\/323 with Investment and Development Agency of Latvia (LIAA)\u00a0 for the project &#171;International competitiveness promotion&#187;, which is co-financed by the European Regional Development Fund.<\/p>\n<p>[\/vc_column_text]     <div class=\"text-right compact-button\">\n       <a class=\"button btn-solid btn-txt-circle light hr_light bg_light bg_hr_primary outline_grey outline_hr_grey medium radius5 linear\"  href=\"https:\/\/admsolutions.lv\/wp-content\/uploads\/2023\/07\/LV_ID_EU_logo_ansamblis_ERAF_RGB-842x595.jpg\" target=\"_blank\"><span class=\"button-text\">Apskat\u012bt<\/span>\n                            <\/a> \n\t <\/div>\n    [\/vc_column_inner][\/vc_row_inner][\/vc_column][vc_column width=&#187;1\/6&#8243;][\/vc_column][\/vc_row][vc_row css=&#187;.vc_custom_1676999057957{margin-top: 30px !important;margin-bottom: 30px !important;}&#187;][vc_column][vc_separator style=&#187;dashed&#187; border_width=&#187;2&#8243;][\/vc_column][\/vc_row][vc_row][vc_column width=&#187;1\/6&#8243;][\/vc_column][vc_column width=&#187;2\/3&#8243;][vc_row_inner][vc_column_inner width=&#187;1\/4&#8243;][vc_single_image image=&#187;5888&#8243; img_size=&#187;full&#187;][\/vc_column_inner][vc_column_inner width=&#187;3\/4&#8243;][vc_column_text]<\/p>\n<h3 class=\"post-title\">Jauna Fr\u0113zma\u0161\u012bna<\/h3>\n<p>ADM Solutions turpina att\u012bst\u012bt savu ra\u017eo\u0161anu, un \u0161ogad mums ir jauna CNC vertik\u0101l\u0101 fr\u0113zma\u0161\u012bna DOOSAN 4500 ar Fanuc i vad\u012bbas sist\u0113mu un Manual Guide pal\u012bga programmat\u016bru.[\/vc_column_text]     <div class=\"text-right compact-button\">\n       <a class=\"button btn-solid btn-txt-circle light hr_light bg_light bg_hr_primary outline_grey outline_hr_grey medium radius5 linear\"  href=\"https:\/\/admsolutions.lv\/metalapstrade\/frezesana\/\" target=\"_self\"><span class=\"button-text\">Las\u012bt vair\u0101k<\/span>\n                            <\/a> \n\t <\/div>\n    [\/vc_column_inner][\/vc_row_inner][\/vc_column][vc_column width=&#187;1\/6&#8243;][\/vc_column][\/vc_row][vc_row css=&#187;.vc_custom_1676999057957{margin-top: 30px !important;margin-bottom: 30px !important;}&#187;][vc_column][vc_separator style=&#187;dashed&#187; border_width=&#187;2&#8243;][\/vc_column][\/vc_row][vc_row css=&#187;.vc_custom_1676999101245{margin-bottom: 50px !important;}&#187;][vc_column width=&#187;1\/6&#8243;][\/vc_column][vc_column width=&#187;2\/3&#8243;][vc_row_inner][vc_column_inner width=&#187;3\/4&#8243;][vc_column_text]<\/p>\n<h3 class=\"post-title\">Mums ir jauna adrese<\/h3>\n<p>M\u016bsu komp\u0101nijai ir jauna adrese T\u0113raudlietuves iela 23, R\u012bga, LV-1026[\/vc_column_text]     <div class=\"text-right compact-button\">\n       <a class=\"button btn-solid btn-txt-circle light hr_light bg_light bg_hr_primary outline_grey outline_hr_grey medium radius5 linear\"  href=\"https:\/\/admsolutions.lv\/kontakti\/\" target=\"_self\"><span class=\"button-text\">Las\u012bt vair\u0101k<\/span>\n                            <\/a> \n\t <\/div>\n    [\/vc_column_inner][\/vc_row_inner][\/vc_column][vc_column width=&#187;1\/6&#8243;][\/vc_column][\/vc_row][vc_row css=&#187;.vc_custom_1676999057957{margin-top: 30px !important;margin-bottom: 30px !important;}&#187;][vc_column][vc_separator style=&#187;dashed&#187; border_width=&#187;2&#8243;][\/vc_column][\/vc_row][vc_row][vc_column width=&#187;1\/6&#8243;][\/vc_column][vc_column width=&#187;2\/3&#8243;][vc_row_inner][vc_column_inner width=&#187;1\/4&#8243;][vc_single_image image=&#187;6006&#8243; img_size=&#187;full&#187;][\/vc_column_inner][vc_column_inner width=&#187;3\/4&#8243;][vc_column_text]<\/p>\n<h3 class=\"post-title\">\u041a\u0430\u0442\u0430\u043b\u043e\u0433 \u0443\u0441\u043b\u0443\u0433 \u043f\u043e \u043c\u0435\u0442\u0430\u043b\u043b\u043e\u043e\u0431\u0440\u0430\u0431\u043e\u0442\u043a\u0435<\/h3>\n<p>\u0423 \u043a\u043e\u043c\u043f\u0430\u043d\u0438\u0438 ADM Solutions SIA \u043f\u043e\u044f\u0432\u0438\u043b\u0441\u044f \u043d\u043e\u0432\u044b\u0439 \u043a\u0430\u0442\u0430\u043b\u043e\u0433 \u043f\u043e \u0443\u0441\u043b\u0443\u0433\u0430\u043c \u043c\u0435\u0442\u0430\u043b\u043b\u043e\u043e\u0431\u0440\u0430\u0431\u043e\u0442\u043a\u0438.\u0415\u0433\u043e \u043c\u043e\u0436\u043d\u043e \u043f\u043e\u0441\u043c\u043e\u0442\u0440\u0435\u0442\u044c <a href=\"https:\/\/admsolutions.lv\/wp-content\/uploads\/2023\/02\/ADM-pakalpojumi_final.pdf\" target=\"_blank\" rel=\"noopener\">\u0437\u0434\u0435\u0441\u044c<\/a>[\/vc_column_text][\/vc_column_inner][\/vc_row_inner][\/vc_column][vc_column width=&#187;1\/6&#8243;][\/vc_column][\/vc_row]<\/p>\n","protected":false},"excerpt":{"rendered":"<p>[vc_row css=&#187;.vc_custom_1676999294443{margin-bottom: 50px !important;}&#187;][vc_column][vc_empty_space][\/vc_column][\/vc_row][vc_row][vc_column width=&#187;1\/6&#8243;][\/vc_column][vc_column width=&#187;2\/3&#8243;][vc_row_inner][vc_column_inner width=&#187;3\/4&#8243;][vc_column_text] \u041c\u044b \u043f\u043e\u043b\u0443\u0447\u0438\u043b\u0438 ISO \u0441\u0435\u0440\u0442\u0438\u0444\u0438\u043a\u0430\u0442 [\/vc_column_text][\/vc_column_inner][\/vc_row_inner][\/vc_column][vc_column width=&#187;1\/6&#8243;][\/vc_column][\/vc_row][vc_row css=&#187;.vc_custom_1676999057957{margin-top: 30px !important;margin-bottom: 30px !important;}&#187;][vc_column][vc_separator style=&#187;dashed&#187; border_width=&#187;2&#8243;][\/vc_column][\/vc_row][vc_row][vc_column width=&#187;1\/6&#8243;][\/vc_column][vc_column width=&#187;2\/3&#8243;][vc_row_inner][vc_column_inner width=&#187;1\/4&#8243;][vc_single_image image=&#187;6099&#8243; img_size=&#187;full&#187;][\/vc_column_inner][vc_column_inner width=&#187;3\/4&#8243;][vc_column_text] Jaunas Fr\u0113zma\u0161\u012bnas ADM Solutions turpina att\u012bst\u012bt savu ra\u017eo\u0161anu, un \u0161ogad mums ir divas jaunas CNC vertik\u0101l\u0101s fr\u0113zma\u0161\u012bnas DN SOLUTIONS\u00a0DNM5700. M\u0113s koncentr\u0113jamies uz ra\u017eo\u0161anas kvalit\u0101tes un kvantit\u0101tes uzlabo\u0161anu, t\u0101p\u0113c izv\u0113lamies [&hellip;]<\/p>\n","protected":false},"author":1,"featured_media":0,"parent":0,"menu_order":0,"comment_status":"closed","ping_status":"closed","template":"","meta":{"inline_featured_image":false},"yoast_head":"<!-- This site is optimized with the Yoast SEO plugin v18.3 - https:\/\/yoast.com\/wordpress\/plugins\/seo\/ -->\n<title>\u041d\u043e\u0432\u043e\u0441\u0442\u0438 - ADM Solutions<\/title>\n<meta name=\"robots\" content=\"index, follow, max-snippet:-1, max-image-preview:large, max-video-preview:-1\" \/>\n<link rel=\"canonical\" href=\"https:\/\/admsolutions.lv\/ru\/novosti\/\" \/>\n<meta property=\"og:locale\" content=\"ru_RU\" \/>\n<meta property=\"og:type\" content=\"article\" \/>\n<meta property=\"og:title\" content=\"\u041d\u043e\u0432\u043e\u0441\u0442\u0438 - ADM Solutions\" \/>\n<meta property=\"og:description\" content=\"[vc_row css=&#187;.vc_custom_1676999294443{margin-bottom: 50px !important;}&#187;][vc_column][vc_empty_space][\/vc_column][\/vc_row][vc_row][vc_column width=&#187;1\/6&#8243;][\/vc_column][vc_column width=&#187;2\/3&#8243;][vc_row_inner][vc_column_inner width=&#187;3\/4&#8243;][vc_column_text] \u041c\u044b \u043f\u043e\u043b\u0443\u0447\u0438\u043b\u0438 ISO \u0441\u0435\u0440\u0442\u0438\u0444\u0438\u043a\u0430\u0442 [\/vc_column_text][\/vc_column_inner][\/vc_row_inner][\/vc_column][vc_column width=&#187;1\/6&#8243;][\/vc_column][\/vc_row][vc_row css=&#187;.vc_custom_1676999057957{margin-top: 30px !important;margin-bottom: 30px !important;}&#187;][vc_column][vc_separator style=&#187;dashed&#187; border_width=&#187;2&#8243;][\/vc_column][\/vc_row][vc_row][vc_column width=&#187;1\/6&#8243;][\/vc_column][vc_column width=&#187;2\/3&#8243;][vc_row_inner][vc_column_inner width=&#187;1\/4&#8243;][vc_single_image image=&#187;6099&#8243; img_size=&#187;full&#187;][\/vc_column_inner][vc_column_inner width=&#187;3\/4&#8243;][vc_column_text] Jaunas Fr\u0113zma\u0161\u012bnas ADM Solutions turpina att\u012bst\u012bt savu ra\u017eo\u0161anu, un \u0161ogad mums ir divas jaunas CNC vertik\u0101l\u0101s fr\u0113zma\u0161\u012bnas DN SOLUTIONS\u00a0DNM5700. M\u0113s koncentr\u0113jamies uz ra\u017eo\u0161anas kvalit\u0101tes un kvantit\u0101tes uzlabo\u0161anu, t\u0101p\u0113c izv\u0113lamies [&hellip;]\" \/>\n<meta property=\"og:url\" content=\"https:\/\/admsolutions.lv\/ru\/novosti\/\" \/>\n<meta property=\"og:site_name\" content=\"ADM Solutions\" \/>\n<meta property=\"article:modified_time\" content=\"2025-06-10T16:31:54+00:00\" \/>\n<meta property=\"og:image\" content=\"https:\/\/admsolutions.lv\/wp-content\/uploads\/2025\/06\/NDTW-9001-JAUNS-LOGO-496x239.jpg\" \/>\n<meta name=\"twitter:card\" content=\"summary_large_image\" \/>\n<meta name=\"twitter:label1\" content=\"\u041f\u0440\u0438\u043c\u0435\u0440\u043d\u043e\u0435 \u0432\u0440\u0435\u043c\u044f \u0434\u043b\u044f \u0447\u0442\u0435\u043d\u0438\u044f\" \/>\n\t<meta name=\"twitter:data1\" content=\"1 \u043c\u0438\u043d\u0443\u0442\u0430\" \/>\n<script type=\"application\/ld+json\" class=\"yoast-schema-graph\">{\"@context\":\"https:\/\/schema.org\",\"@graph\":[{\"@type\":\"WebSite\",\"@id\":\"https:\/\/admsolutions.lv\/ru\/#website\",\"url\":\"https:\/\/admsolutions.lv\/ru\/\",\"name\":\"ADM Solutions\",\"description\":\"\",\"potentialAction\":[{\"@type\":\"SearchAction\",\"target\":{\"@type\":\"EntryPoint\",\"urlTemplate\":\"https:\/\/admsolutions.lv\/ru\/?s={search_term_string}\"},\"query-input\":\"required name=search_term_string\"}],\"inLanguage\":\"ru-RU\"},{\"@type\":\"ImageObject\",\"@id\":\"https:\/\/admsolutions.lv\/ru\/novosti\/#primaryimage\",\"inLanguage\":\"ru-RU\",\"url\":\"https:\/\/admsolutions.lv\/wp-content\/uploads\/2025\/06\/NDTW-9001-JAUNS-LOGO-496x239.jpg\",\"contentUrl\":\"https:\/\/admsolutions.lv\/wp-content\/uploads\/2025\/06\/NDTW-9001-JAUNS-LOGO-496x239.jpg\",\"width\":496,\"height\":239},{\"@type\":\"WebPage\",\"@id\":\"https:\/\/admsolutions.lv\/ru\/novosti\/#webpage\",\"url\":\"https:\/\/admsolutions.lv\/ru\/novosti\/\",\"name\":\"\u041d\u043e\u0432\u043e\u0441\u0442\u0438 - ADM Solutions\",\"isPartOf\":{\"@id\":\"https:\/\/admsolutions.lv\/ru\/#website\"},\"primaryImageOfPage\":{\"@id\":\"https:\/\/admsolutions.lv\/ru\/novosti\/#primaryimage\"},\"datePublished\":\"2023-02-21T17:00:18+00:00\",\"dateModified\":\"2025-06-10T16:31:54+00:00\",\"breadcrumb\":{\"@id\":\"https:\/\/admsolutions.lv\/ru\/novosti\/#breadcrumb\"},\"inLanguage\":\"ru-RU\",\"potentialAction\":[{\"@type\":\"ReadAction\",\"target\":[\"https:\/\/admsolutions.lv\/ru\/novosti\/\"]}]},{\"@type\":\"BreadcrumbList\",\"@id\":\"https:\/\/admsolutions.lv\/ru\/novosti\/#breadcrumb\",\"itemListElement\":[{\"@type\":\"ListItem\",\"position\":1,\"name\":\"\u0413\u043b\u0430\u0432\u043d\u0430\u044f \u0441\u0442\u0440\u0430\u043d\u0438\u0446\u0430\",\"item\":\"https:\/\/admsolutions.lv\/ru\/\"},{\"@type\":\"ListItem\",\"position\":2,\"name\":\"\u041d\u043e\u0432\u043e\u0441\u0442\u0438\"}]}]}<\/script>\n<!-- \/ Yoast SEO plugin. -->","yoast_head_json":{"title":"\u041d\u043e\u0432\u043e\u0441\u0442\u0438 - ADM Solutions","robots":{"index":"index","follow":"follow","max-snippet":"max-snippet:-1","max-image-preview":"max-image-preview:large","max-video-preview":"max-video-preview:-1"},"canonical":"https:\/\/admsolutions.lv\/ru\/novosti\/","og_locale":"ru_RU","og_type":"article","og_title":"\u041d\u043e\u0432\u043e\u0441\u0442\u0438 - ADM Solutions","og_description":"[vc_row css=&#187;.vc_custom_1676999294443{margin-bottom: 50px !important;}&#187;][vc_column][vc_empty_space][\/vc_column][\/vc_row][vc_row][vc_column width=&#187;1\/6&#8243;][\/vc_column][vc_column width=&#187;2\/3&#8243;][vc_row_inner][vc_column_inner width=&#187;3\/4&#8243;][vc_column_text] \u041c\u044b \u043f\u043e\u043b\u0443\u0447\u0438\u043b\u0438 ISO \u0441\u0435\u0440\u0442\u0438\u0444\u0438\u043a\u0430\u0442 [\/vc_column_text][\/vc_column_inner][\/vc_row_inner][\/vc_column][vc_column width=&#187;1\/6&#8243;][\/vc_column][\/vc_row][vc_row css=&#187;.vc_custom_1676999057957{margin-top: 30px !important;margin-bottom: 30px !important;}&#187;][vc_column][vc_separator style=&#187;dashed&#187; border_width=&#187;2&#8243;][\/vc_column][\/vc_row][vc_row][vc_column width=&#187;1\/6&#8243;][\/vc_column][vc_column width=&#187;2\/3&#8243;][vc_row_inner][vc_column_inner width=&#187;1\/4&#8243;][vc_single_image image=&#187;6099&#8243; img_size=&#187;full&#187;][\/vc_column_inner][vc_column_inner width=&#187;3\/4&#8243;][vc_column_text] Jaunas Fr\u0113zma\u0161\u012bnas ADM Solutions turpina att\u012bst\u012bt savu ra\u017eo\u0161anu, un \u0161ogad mums ir divas jaunas CNC vertik\u0101l\u0101s fr\u0113zma\u0161\u012bnas DN SOLUTIONS\u00a0DNM5700. M\u0113s koncentr\u0113jamies uz ra\u017eo\u0161anas kvalit\u0101tes un kvantit\u0101tes uzlabo\u0161anu, t\u0101p\u0113c izv\u0113lamies [&hellip;]","og_url":"https:\/\/admsolutions.lv\/ru\/novosti\/","og_site_name":"ADM Solutions","article_modified_time":"2025-06-10T16:31:54+00:00","og_image":[{"url":"https:\/\/admsolutions.lv\/wp-content\/uploads\/2025\/06\/NDTW-9001-JAUNS-LOGO-496x239.jpg"}],"twitter_card":"summary_large_image","twitter_misc":{"\u041f\u0440\u0438\u043c\u0435\u0440\u043d\u043e\u0435 \u0432\u0440\u0435\u043c\u044f \u0434\u043b\u044f \u0447\u0442\u0435\u043d\u0438\u044f":"1 \u043c\u0438\u043d\u0443\u0442\u0430"},"schema":{"@context":"https:\/\/schema.org","@graph":[{"@type":"WebSite","@id":"https:\/\/admsolutions.lv\/ru\/#website","url":"https:\/\/admsolutions.lv\/ru\/","name":"ADM Solutions","description":"","potentialAction":[{"@type":"SearchAction","target":{"@type":"EntryPoint","urlTemplate":"https:\/\/admsolutions.lv\/ru\/?s={search_term_string}"},"query-input":"required name=search_term_string"}],"inLanguage":"ru-RU"},{"@type":"ImageObject","@id":"https:\/\/admsolutions.lv\/ru\/novosti\/#primaryimage","inLanguage":"ru-RU","url":"https:\/\/admsolutions.lv\/wp-content\/uploads\/2025\/06\/NDTW-9001-JAUNS-LOGO-496x239.jpg","contentUrl":"https:\/\/admsolutions.lv\/wp-content\/uploads\/2025\/06\/NDTW-9001-JAUNS-LOGO-496x239.jpg","width":496,"height":239},{"@type":"WebPage","@id":"https:\/\/admsolutions.lv\/ru\/novosti\/#webpage","url":"https:\/\/admsolutions.lv\/ru\/novosti\/","name":"\u041d\u043e\u0432\u043e\u0441\u0442\u0438 - ADM Solutions","isPartOf":{"@id":"https:\/\/admsolutions.lv\/ru\/#website"},"primaryImageOfPage":{"@id":"https:\/\/admsolutions.lv\/ru\/novosti\/#primaryimage"},"datePublished":"2023-02-21T17:00:18+00:00","dateModified":"2025-06-10T16:31:54+00:00","breadcrumb":{"@id":"https:\/\/admsolutions.lv\/ru\/novosti\/#breadcrumb"},"inLanguage":"ru-RU","potentialAction":[{"@type":"ReadAction","target":["https:\/\/admsolutions.lv\/ru\/novosti\/"]}]},{"@type":"BreadcrumbList","@id":"https:\/\/admsolutions.lv\/ru\/novosti\/#breadcrumb","itemListElement":[{"@type":"ListItem","position":1,"name":"\u0413\u043b\u0430\u0432\u043d\u0430\u044f \u0441\u0442\u0440\u0430\u043d\u0438\u0446\u0430","item":"https:\/\/admsolutions.lv\/ru\/"},{"@type":"ListItem","position":2,"name":"\u041d\u043e\u0432\u043e\u0441\u0442\u0438"}]}]}},"_links":{"self":[{"href":"https:\/\/admsolutions.lv\/ru\/wp-json\/wp\/v2\/pages\/5948"}],"collection":[{"href":"https:\/\/admsolutions.lv\/ru\/wp-json\/wp\/v2\/pages"}],"about":[{"href":"https:\/\/admsolutions.lv\/ru\/wp-json\/wp\/v2\/types\/page"}],"author":[{"embeddable":true,"href":"https:\/\/admsolutions.lv\/ru\/wp-json\/wp\/v2\/users\/1"}],"replies":[{"embeddable":true,"href":"https:\/\/admsolutions.lv\/ru\/wp-json\/wp\/v2\/comments?post=5948"}],"version-history":[{"count":18,"href":"https:\/\/admsolutions.lv\/ru\/wp-json\/wp\/v2\/pages\/5948\/revisions"}],"predecessor-version":[{"id":6101,"href":"https:\/\/admsolutions.lv\/ru\/wp-json\/wp\/v2\/pages\/5948\/revisions\/6101"}],"wp:attachment":[{"href":"https:\/\/admsolutions.lv\/ru\/wp-json\/wp\/v2\/media?parent=5948"}],"curies":[{"name":"wp","href":"https:\/\/api.w.org\/{rel}","templated":true}]}}