{"id":5187,"date":"2022-12-23T21:44:10","date_gmt":"2022-12-23T21:44:10","guid":{"rendered":"https:\/\/test.admsolutions.lv\/produkciya\/plastmassa\/poliuretans-pu\/"},"modified":"2023-02-01T12:02:50","modified_gmt":"2023-02-01T12:02:50","slug":"poliuretan-pu","status":"publish","type":"page","link":"https:\/\/admsolutions.lv\/ru\/produkciya\/plastmassa\/poliuretan-pu\/","title":{"rendered":"\u041f\u043e\u043b\u0438\u0443\u0440\u0435\u0442\u0430\u043d (PU)"},"content":{"rendered":"<p>[vc_row css=&#187;.vc_custom_1671636401360{margin-top: -50px !important;}&#187;][vc_column]<div class=\"fancy_heading\" style=\"color:#181b31; font-size:36px; line-height:42px; text-align:center;  font-weight:700;  \"><h3 > \u041f\u043e\u043b\u0438\u0443\u0440\u0435\u0442\u0430\u043d (PU)<\/h3>        \n       \t\n\t\t\n\t<\/div>\n    [vc_empty_space][vc_column_text]<\/p>\n<p style=\"text-align: center; font-size: 18px;\">\u041f\u043e\u043b\u0438\u0443\u0440\u0435\u0442\u0430\u043d (PU) \u043f\u0440\u0435\u0434\u0441\u0442\u0430\u0432\u043b\u044f\u0435\u0442 \u0441\u043e\u0431\u043e\u0439 \u0447\u0440\u0435\u0437\u0432\u044b\u0447\u0430\u0439\u043d\u043e \u0433\u0438\u0431\u043a\u0438\u0439 \u0430\u0431\u0441\u043e\u0440\u0431\u0438\u0440\u0443\u044e\u0449\u0438\u0439 \u043f\u043b\u0430\u0441\u0442\u0438\u043a. \u041e\u043d \u043c\u043e\u0436\u0435\u0442 \u0431\u044b\u0442\u044c \u0441\u0436\u0430\u0442 \u0438\u043b\u0438 \u0443\u0432\u0435\u043b\u0438\u0447\u0435\u043d \u0434\u043e 50%, \u0438 \u043f\u043e\u0441\u043b\u0435 \u0441\u043d\u044f\u0442\u0438\u044f \u043d\u0430\u0433\u0440\u0443\u0437\u043a\u0438 \u043e\u043d \u043f\u043e\u043b\u043d\u043e\u0441\u0442\u044c\u044e \u0432\u0435\u0440\u043d\u0435\u0442\u0441\u044f \u0432 \u0438\u0441\u0445\u043e\u0434\u043d\u043e\u0435 \u043f\u043e\u043b\u043e\u0436\u0435\u043d\u0438\u0435 \u0432 \u0442\u0435\u0447\u0435\u043d\u0438\u0435 \u043d\u0435\u0441\u043a\u043e\u043b\u044c\u043a\u0438\u0445 \u0441\u0435\u043a\u0443\u043d\u0434. \u041f\u043e\u043b\u0438\u0443\u0440\u0435\u0442\u0430\u043d \u043e\u0447\u0435\u043d\u044c \u0430\u0431\u0440\u0430\u0437\u0438\u0432\u043e\u0441\u0442\u043e\u0439\u043a\u0438\u0439, \u0435\u0433\u043e \u0442\u0440\u0443\u0434\u043d\u043e \u0440\u0430\u0437\u043e\u0440\u0432\u0430\u0442\u044c \u043a\u043e\u0433\u0434\u0430 \u043e\u043d \u0440\u0430\u0441\u0442\u044f\u0433\u0438\u0432\u0430\u0435\u0442\u0441\u044f \u0438\u043b\u0438 \u0438\u0437\u0433\u0438\u0431\u0430\u0435\u0442\u0441\u044f, \u043e\u043d \u043e\u0442\u043b\u0438\u0447\u043d\u043e \u0432\u043f\u0438\u0442\u044b\u0432\u0430\u0435\u0442 \u0432\u0438\u0431\u0440\u0430\u0446\u0438\u0438. \u0423\u0441\u0442\u043e\u0439\u0447\u0438\u0432 \u043a \u0436\u0438\u0440\u0430\u043c \u0438 \u043d\u0435\u0444\u0442\u0435\u043f\u0440\u043e\u0434\u0443\u043a\u0442\u0430\u043c.<br \/>\n.<\/p>\n<p>[\/vc_column_text][vc_empty_space][\/vc_column][\/vc_row][vc_row][vc_column][vc_row_inner][vc_column_inner][\/vc_column_inner][\/vc_row_inner][vc_row_inner][vc_column_inner][\/vc_column_inner][\/vc_row_inner][\/vc_column][\/vc_row][vc_row][vc_column width=&#187;1\/2&#8243;][vc_empty_space][vc_column_text]<\/p>\n<h4>\u041e\u0431\u0449\u0438\u0435 \u0445\u0430\u0440\u0430\u043a\u0442\u0435\u0440\u0438\u0441\u0442\u0438\u043a\u0438:<\/h4>\n<p>[\/vc_column_text]\t<div class=\"lists\">\n\t\t<div class=\"list-content list compact-list \">\n\n\t\t\t\t\t\t\t<ul class=\"list-style list-style3\">\n\t\t\t\t\t\t\t\t\t\t\t<li>\n\t\t\t\t\t\t\t<h4>\u043f\u043b\u043e\u0442\u043d\u043e\u0441\u0442\u044c ~ 1,15 \u0433 \/ \u0441\u043c\u00b3<\/h4>\n\t\t\t\t\t\t\t\t\t\t\t\t\t<\/li>\n\t\t\t\t\t\t\t\t\t\t\t<li>\n\t\t\t\t\t\t\t<h4>\u0443\u0441\u0442\u043e\u0439\u0447\u0438\u0432\u044b \u043a \u0442\u0440\u0435\u043d\u0438\u044e, \u0438\u0437\u043d\u043e\u0441\u0443<\/h4>\n\t\t\t\t\t\t\t\t\t\t\t\t\t<\/li>\n\t\t\t\t\t\t\t\t\t\t\t<li>\n\t\t\t\t\t\t\t<h4>\u0443\u0441\u0442\u043e\u0439\u0447\u0438\u0432 \u043a \u043c\u0430\u0441\u043b\u0430\u043c \u0438 \u043c\u0430\u0441\u043b\u0430\u043c<\/h4>\n\t\t\t\t\t\t\t\t\t\t\t\t\t<\/li>\n\t\t\t\t\t\t\t\t\t\t\t<li>\n\t\t\t\t\t\t\t<h4>\u0445\u043e\u0440\u043e\u0448\u043e \u043f\u043e\u0433\u043b\u043e\u0449\u0430\u0435\u0442 \u0437\u0432\u0443\u043a\u0438, \u0443\u0434\u0430\u0440\u044b \u0438 \u0432\u0438\u0431\u0440\u0430\u0446\u0438\u044e<\/h4>\n\t\t\t\t\t\t\t\t\t\t\t\t\t<\/li>\n\t\t\t\t\t\t\t\t\t\t\t<li>\n\t\t\t\t\t\t\t<h4>\u0440\u0430\u0431\u043e\u0447\u0430\u044f \u0442\u0435\u043c\u043f\u0435\u0440\u0430\u0442\u0443\u0440\u0430: \u043e\u0442 -30 \u00b0 C \u0434\u043e + 80 \u00b0 C<\/h4>\n\t\t\t\t\t\t\t\t\t\t\t\t\t<\/li>\n\t\t\t\t\t\t\t\t\t<\/ul>\n\t\t\t\t\t<\/div>\n\t<\/div>   \n    [\/vc_column][vc_column width=&#187;1\/2&#8243;][vc_single_image image=&#187;5188&#8243; img_size=&#187;full&#187;][vc_empty_space][\/vc_column][\/vc_row][vc_row][vc_column][\/vc_column][\/vc_row]<\/p>\n","protected":false},"excerpt":{"rendered":"<p>[vc_row css=&#187;.vc_custom_1671636401360{margin-top: -50px !important;}&#187;][vc_column][vc_empty_space][vc_column_text] \u041f\u043e\u043b\u0438\u0443\u0440\u0435\u0442\u0430\u043d (PU) \u043f\u0440\u0435\u0434\u0441\u0442\u0430\u0432\u043b\u044f\u0435\u0442 \u0441\u043e\u0431\u043e\u0439 \u0447\u0440\u0435\u0437\u0432\u044b\u0447\u0430\u0439\u043d\u043e \u0433\u0438\u0431\u043a\u0438\u0439 \u0430\u0431\u0441\u043e\u0440\u0431\u0438\u0440\u0443\u044e\u0449\u0438\u0439 \u043f\u043b\u0430\u0441\u0442\u0438\u043a. \u041e\u043d \u043c\u043e\u0436\u0435\u0442 \u0431\u044b\u0442\u044c \u0441\u0436\u0430\u0442 \u0438\u043b\u0438 \u0443\u0432\u0435\u043b\u0438\u0447\u0435\u043d \u0434\u043e 50%, \u0438 \u043f\u043e\u0441\u043b\u0435 \u0441\u043d\u044f\u0442\u0438\u044f \u043d\u0430\u0433\u0440\u0443\u0437\u043a\u0438 \u043e\u043d \u043f\u043e\u043b\u043d\u043e\u0441\u0442\u044c\u044e \u0432\u0435\u0440\u043d\u0435\u0442\u0441\u044f \u0432 \u0438\u0441\u0445\u043e\u0434\u043d\u043e\u0435 \u043f\u043e\u043b\u043e\u0436\u0435\u043d\u0438\u0435 \u0432 \u0442\u0435\u0447\u0435\u043d\u0438\u0435 \u043d\u0435\u0441\u043a\u043e\u043b\u044c\u043a\u0438\u0445 \u0441\u0435\u043a\u0443\u043d\u0434. \u041f\u043e\u043b\u0438\u0443\u0440\u0435\u0442\u0430\u043d \u043e\u0447\u0435\u043d\u044c \u0430\u0431\u0440\u0430\u0437\u0438\u0432\u043e\u0441\u0442\u043e\u0439\u043a\u0438\u0439, \u0435\u0433\u043e \u0442\u0440\u0443\u0434\u043d\u043e \u0440\u0430\u0437\u043e\u0440\u0432\u0430\u0442\u044c \u043a\u043e\u0433\u0434\u0430 \u043e\u043d \u0440\u0430\u0441\u0442\u044f\u0433\u0438\u0432\u0430\u0435\u0442\u0441\u044f \u0438\u043b\u0438 \u0438\u0437\u0433\u0438\u0431\u0430\u0435\u0442\u0441\u044f, \u043e\u043d \u043e\u0442\u043b\u0438\u0447\u043d\u043e \u0432\u043f\u0438\u0442\u044b\u0432\u0430\u0435\u0442 \u0432\u0438\u0431\u0440\u0430\u0446\u0438\u0438. \u0423\u0441\u0442\u043e\u0439\u0447\u0438\u0432 \u043a \u0436\u0438\u0440\u0430\u043c \u0438 \u043d\u0435\u0444\u0442\u0435\u043f\u0440\u043e\u0434\u0443\u043a\u0442\u0430\u043c. . [&hellip;]<\/p>\n","protected":false},"author":1,"featured_media":0,"parent":5017,"menu_order":0,"comment_status":"closed","ping_status":"closed","template":"","meta":{"inline_featured_image":false},"yoast_head":"<!-- This site is optimized with the Yoast SEO plugin v18.3 - https:\/\/yoast.com\/wordpress\/plugins\/seo\/ -->\n<title>\u041f\u043e\u043b\u0438\u0443\u0440\u0435\u0442\u0430\u043d (PU) - ADM Solutions<\/title>\n<meta name=\"description\" content=\"\u041f\u043e\u043b\u0438\u0443\u0440\u0435\u0442\u0430\u043d (PU). ADM Solutions produktu kl\u0101st\u0101 ir da\u017e\u0101di tehniskie un industri\u0101lie materi\u0101li, k\u0101 ar\u012b pakalpojumi kuri ir saist\u012bti ar \u0161o produktu kl\u0101stu.\" \/>\n<meta name=\"robots\" content=\"index, follow, max-snippet:-1, max-image-preview:large, max-video-preview:-1\" \/>\n<link rel=\"canonical\" href=\"https:\/\/admsolutions.lv\/ru\/produkciya\/plastmassa\/poliuretan-pu\/\" \/>\n<meta property=\"og:locale\" content=\"ru_RU\" \/>\n<meta property=\"og:type\" content=\"article\" \/>\n<meta property=\"og:title\" content=\"\u041f\u043e\u043b\u0438\u0443\u0440\u0435\u0442\u0430\u043d (PU) - ADM Solutions\" \/>\n<meta property=\"og:description\" content=\"\u041f\u043e\u043b\u0438\u0443\u0440\u0435\u0442\u0430\u043d (PU). ADM Solutions produktu kl\u0101st\u0101 ir da\u017e\u0101di tehniskie un industri\u0101lie materi\u0101li, k\u0101 ar\u012b pakalpojumi kuri ir saist\u012bti ar \u0161o produktu kl\u0101stu.\" \/>\n<meta property=\"og:url\" content=\"https:\/\/admsolutions.lv\/ru\/produkciya\/plastmassa\/poliuretan-pu\/\" \/>\n<meta property=\"og:site_name\" content=\"ADM Solutions\" \/>\n<meta property=\"article:modified_time\" content=\"2023-02-01T12:02:50+00:00\" \/>\n<meta name=\"twitter:card\" content=\"summary_large_image\" \/>\n<meta name=\"twitter:label1\" content=\"\u041f\u0440\u0438\u043c\u0435\u0440\u043d\u043e\u0435 \u0432\u0440\u0435\u043c\u044f \u0434\u043b\u044f \u0447\u0442\u0435\u043d\u0438\u044f\" \/>\n\t<meta name=\"twitter:data1\" content=\"1 \u043c\u0438\u043d\u0443\u0442\u0430\" \/>\n<script type=\"application\/ld+json\" class=\"yoast-schema-graph\">{\"@context\":\"https:\/\/schema.org\",\"@graph\":[{\"@type\":\"WebSite\",\"@id\":\"https:\/\/admsolutions.lv\/ru\/#website\",\"url\":\"https:\/\/admsolutions.lv\/ru\/\",\"name\":\"ADM Solutions\",\"description\":\"\",\"potentialAction\":[{\"@type\":\"SearchAction\",\"target\":{\"@type\":\"EntryPoint\",\"urlTemplate\":\"https:\/\/admsolutions.lv\/ru\/?s={search_term_string}\"},\"query-input\":\"required name=search_term_string\"}],\"inLanguage\":\"ru-RU\"},{\"@type\":\"WebPage\",\"@id\":\"https:\/\/admsolutions.lv\/ru\/produkciya\/plastmassa\/poliuretan-pu\/#webpage\",\"url\":\"https:\/\/admsolutions.lv\/ru\/produkciya\/plastmassa\/poliuretan-pu\/\",\"name\":\"\u041f\u043e\u043b\u0438\u0443\u0440\u0435\u0442\u0430\u043d (PU) - ADM Solutions\",\"isPartOf\":{\"@id\":\"https:\/\/admsolutions.lv\/ru\/#website\"},\"datePublished\":\"2022-12-23T21:44:10+00:00\",\"dateModified\":\"2023-02-01T12:02:50+00:00\",\"description\":\"\u041f\u043e\u043b\u0438\u0443\u0440\u0435\u0442\u0430\u043d (PU). ADM Solutions produktu kl\u0101st\u0101 ir da\u017e\u0101di tehniskie un industri\u0101lie materi\u0101li, k\u0101 ar\u012b pakalpojumi kuri ir saist\u012bti ar \u0161o produktu kl\u0101stu.\",\"breadcrumb\":{\"@id\":\"https:\/\/admsolutions.lv\/ru\/produkciya\/plastmassa\/poliuretan-pu\/#breadcrumb\"},\"inLanguage\":\"ru-RU\",\"potentialAction\":[{\"@type\":\"ReadAction\",\"target\":[\"https:\/\/admsolutions.lv\/ru\/produkciya\/plastmassa\/poliuretan-pu\/\"]}]},{\"@type\":\"BreadcrumbList\",\"@id\":\"https:\/\/admsolutions.lv\/ru\/produkciya\/plastmassa\/poliuretan-pu\/#breadcrumb\",\"itemListElement\":[{\"@type\":\"ListItem\",\"position\":1,\"name\":\"\u0413\u043b\u0430\u0432\u043d\u0430\u044f \u0441\u0442\u0440\u0430\u043d\u0438\u0446\u0430\",\"item\":\"https:\/\/admsolutions.lv\/ru\/\"},{\"@type\":\"ListItem\",\"position\":2,\"name\":\"\u041f\u0440\u043e\u0434\u0443\u043a\u0446\u0438\u044f\",\"item\":\"https:\/\/admsolutions.lv\/ru\/produkciya\/\"},{\"@type\":\"ListItem\",\"position\":3,\"name\":\"\u041f\u043b\u0430\u0441\u0442\u043c\u0430\u0441\u0441\u0430\",\"item\":\"https:\/\/admsolutions.lv\/ru\/produkciya\/plastmassa\/\"},{\"@type\":\"ListItem\",\"position\":4,\"name\":\"\u041f\u043e\u043b\u0438\u0443\u0440\u0435\u0442\u0430\u043d (PU)\"}]}]}<\/script>\n<!-- \/ Yoast SEO plugin. -->","yoast_head_json":{"title":"\u041f\u043e\u043b\u0438\u0443\u0440\u0435\u0442\u0430\u043d (PU) - ADM Solutions","description":"\u041f\u043e\u043b\u0438\u0443\u0440\u0435\u0442\u0430\u043d (PU). ADM Solutions produktu kl\u0101st\u0101 ir da\u017e\u0101di tehniskie un industri\u0101lie materi\u0101li, k\u0101 ar\u012b pakalpojumi kuri ir saist\u012bti ar \u0161o produktu kl\u0101stu.","robots":{"index":"index","follow":"follow","max-snippet":"max-snippet:-1","max-image-preview":"max-image-preview:large","max-video-preview":"max-video-preview:-1"},"canonical":"https:\/\/admsolutions.lv\/ru\/produkciya\/plastmassa\/poliuretan-pu\/","og_locale":"ru_RU","og_type":"article","og_title":"\u041f\u043e\u043b\u0438\u0443\u0440\u0435\u0442\u0430\u043d (PU) - ADM Solutions","og_description":"\u041f\u043e\u043b\u0438\u0443\u0440\u0435\u0442\u0430\u043d (PU). ADM Solutions produktu kl\u0101st\u0101 ir da\u017e\u0101di tehniskie un industri\u0101lie materi\u0101li, k\u0101 ar\u012b pakalpojumi kuri ir saist\u012bti ar \u0161o produktu kl\u0101stu.","og_url":"https:\/\/admsolutions.lv\/ru\/produkciya\/plastmassa\/poliuretan-pu\/","og_site_name":"ADM Solutions","article_modified_time":"2023-02-01T12:02:50+00:00","twitter_card":"summary_large_image","twitter_misc":{"\u041f\u0440\u0438\u043c\u0435\u0440\u043d\u043e\u0435 \u0432\u0440\u0435\u043c\u044f \u0434\u043b\u044f \u0447\u0442\u0435\u043d\u0438\u044f":"1 \u043c\u0438\u043d\u0443\u0442\u0430"},"schema":{"@context":"https:\/\/schema.org","@graph":[{"@type":"WebSite","@id":"https:\/\/admsolutions.lv\/ru\/#website","url":"https:\/\/admsolutions.lv\/ru\/","name":"ADM Solutions","description":"","potentialAction":[{"@type":"SearchAction","target":{"@type":"EntryPoint","urlTemplate":"https:\/\/admsolutions.lv\/ru\/?s={search_term_string}"},"query-input":"required name=search_term_string"}],"inLanguage":"ru-RU"},{"@type":"WebPage","@id":"https:\/\/admsolutions.lv\/ru\/produkciya\/plastmassa\/poliuretan-pu\/#webpage","url":"https:\/\/admsolutions.lv\/ru\/produkciya\/plastmassa\/poliuretan-pu\/","name":"\u041f\u043e\u043b\u0438\u0443\u0440\u0435\u0442\u0430\u043d (PU) - ADM Solutions","isPartOf":{"@id":"https:\/\/admsolutions.lv\/ru\/#website"},"datePublished":"2022-12-23T21:44:10+00:00","dateModified":"2023-02-01T12:02:50+00:00","description":"\u041f\u043e\u043b\u0438\u0443\u0440\u0435\u0442\u0430\u043d (PU). ADM Solutions produktu kl\u0101st\u0101 ir da\u017e\u0101di tehniskie un industri\u0101lie materi\u0101li, k\u0101 ar\u012b pakalpojumi kuri ir saist\u012bti ar \u0161o produktu kl\u0101stu.","breadcrumb":{"@id":"https:\/\/admsolutions.lv\/ru\/produkciya\/plastmassa\/poliuretan-pu\/#breadcrumb"},"inLanguage":"ru-RU","potentialAction":[{"@type":"ReadAction","target":["https:\/\/admsolutions.lv\/ru\/produkciya\/plastmassa\/poliuretan-pu\/"]}]},{"@type":"BreadcrumbList","@id":"https:\/\/admsolutions.lv\/ru\/produkciya\/plastmassa\/poliuretan-pu\/#breadcrumb","itemListElement":[{"@type":"ListItem","position":1,"name":"\u0413\u043b\u0430\u0432\u043d\u0430\u044f \u0441\u0442\u0440\u0430\u043d\u0438\u0446\u0430","item":"https:\/\/admsolutions.lv\/ru\/"},{"@type":"ListItem","position":2,"name":"\u041f\u0440\u043e\u0434\u0443\u043a\u0446\u0438\u044f","item":"https:\/\/admsolutions.lv\/ru\/produkciya\/"},{"@type":"ListItem","position":3,"name":"\u041f\u043b\u0430\u0441\u0442\u043c\u0430\u0441\u0441\u0430","item":"https:\/\/admsolutions.lv\/ru\/produkciya\/plastmassa\/"},{"@type":"ListItem","position":4,"name":"\u041f\u043e\u043b\u0438\u0443\u0440\u0435\u0442\u0430\u043d (PU)"}]}]}},"_links":{"self":[{"href":"https:\/\/admsolutions.lv\/ru\/wp-json\/wp\/v2\/pages\/5187"}],"collection":[{"href":"https:\/\/admsolutions.lv\/ru\/wp-json\/wp\/v2\/pages"}],"about":[{"href":"https:\/\/admsolutions.lv\/ru\/wp-json\/wp\/v2\/types\/page"}],"author":[{"embeddable":true,"href":"https:\/\/admsolutions.lv\/ru\/wp-json\/wp\/v2\/users\/1"}],"replies":[{"embeddable":true,"href":"https:\/\/admsolutions.lv\/ru\/wp-json\/wp\/v2\/comments?post=5187"}],"version-history":[{"count":3,"href":"https:\/\/admsolutions.lv\/ru\/wp-json\/wp\/v2\/pages\/5187\/revisions"}],"predecessor-version":[{"id":5192,"href":"https:\/\/admsolutions.lv\/ru\/wp-json\/wp\/v2\/pages\/5187\/revisions\/5192"}],"up":[{"embeddable":true,"href":"https:\/\/admsolutions.lv\/ru\/wp-json\/wp\/v2\/pages\/5017"}],"wp:attachment":[{"href":"https:\/\/admsolutions.lv\/ru\/wp-json\/wp\/v2\/media?parent=5187"}],"curies":[{"name":"wp","href":"https:\/\/api.w.org\/{rel}","templated":true}]}}