{"id":5012,"date":"2023-01-07T13:59:10","date_gmt":"2023-01-07T13:59:10","guid":{"rendered":"https:\/\/test.admsolutions.lv\/kontakti\/"},"modified":"2025-09-15T11:08:18","modified_gmt":"2025-09-15T11:08:18","slug":"kontakty","status":"publish","type":"page","link":"https:\/\/admsolutions.lv\/ru\/kontakty\/","title":{"rendered":"\u041a\u043e\u043d\u0442\u0430\u043a\u0442\u044b"},"content":{"rendered":"<p>[vc_row css=&#187;.vc_custom_1671636401360{margin-top: -50px !important;}&#187;][vc_column]<div class=\"fancy_heading\" style=\"color:#ffffff; font-size:36px; line-height:42px; text-align:center;  font-weight:700;  \"><h3 > \u041a\u043e\u043d\u0442\u0430\u043a\u0442\u044b<\/h3>        \n       \t\n\t\t\n\t<\/div>\n    [vc_empty_space][\/vc_column][\/vc_row][vc_row content_bg_color=&#187;bg-grey&#187; css=&#187;.vc_custom_1673279213711{margin-top: -35px !important;padding-top: 100px !important;padding-bottom: 40px !important;background-position: 0 0 !important;background-repeat: repeat !important;}&#187; el_id=&#187;contact-form&#187;][vc_column width=&#187;1\/2&#8243; offset=&#187;vc_col-lg-6 vc_col-xs-12&#8243;][vc_column_text]<\/p>\n<h4>\u041f\u0435\u0440\u0435\u0434 \u043f\u043e\u0441\u0435\u0449\u0435\u043d\u0438\u0435\u043c \u043f\u0440\u043e\u0441\u044c\u0431\u0430 \u0437\u0432\u043e\u043d\u0438\u0442\u044c \u0438 \u0441\u043e\u0433\u043b\u0430\u0441\u043e\u0432\u0430\u0442\u044c \u0432\u0440\u0435\u043c\u044f.<\/h4>\n<p>[\/vc_column_text][vc_row_inner css=&#187;.vc_custom_1591928298279{padding-top: 15px !important;padding-right: 10% !important;}&#187;][vc_column_inner width=&#187;1\/2&#8243;]\t\t<div class=\"service iconbox   icon-box-style2\" >\n\t\t    <div class=\"icon-wrap\"><i class=\"pe-7s-call\"><\/i><\/div>\t\t  <div class=\"title-wrap\">\n\t\t\t   <h6>\u0422\u0435\u043b\u0435\u0444\u043e\u043d<\/h6>\t\t\t   <div class=\"content\"><p>+371 23 224 848<\/p>\n<p>+371 24 969 489<\/p>\n<\/div>          <\/div>\n\t\t<\/div>\n        <div class=\"clearfix\"><\/div>\n    [\/vc_column_inner][vc_column_inner width=&#187;1\/2&#8243;]\t\t<div class=\"service iconbox   icon-box-style2\" >\n\t\t    <div class=\"icon-wrap\"><i class=\"pe-7s-mail\"><\/i><\/div>\t\t  <div class=\"title-wrap\">\n\t\t\t   <h6>\u041f\u043e\u0447\u0442\u0430<\/h6>\t\t\t   <div class=\"content\"><p>info@admsolutions.lv<\/p>\n<p>sales@admsolutions.lv<\/p>\n<\/div>          <\/div>\n\t\t<\/div>\n        <div class=\"clearfix\"><\/div>\n    [\/vc_column_inner][\/vc_row_inner][vc_row_inner css=&#187;.vc_custom_1591928298279{padding-top: 15px !important;padding-right: 10% !important;}&#187;][vc_column_inner]\t\t<div class=\"service iconbox   icon-box-style2\" >\n\t\t    <div class=\"icon-wrap\"><i class=\"pe-7s-map-marker\"><\/i><\/div>\t\t  <div class=\"title-wrap\">\n\t\t\t   <h6>\u0410\u0434\u0440\u0435\u0441<\/h6>\t\t\t   <div class=\"content\"><p>\u042e\u0440\u0438\u0434\u0438\u0447\u0435\u0441\u043a\u0438\u0439 \u0430\u0434\u0440\u0435\u0441: R\u012bga, Gan\u012bbu dambis 26A, LV-1005<\/p>\n<p>\u0424\u0430\u043a\u0442\u0438\u0447\u0435\u0441\u043a\u0438\u0439 \u0430\u0434\u0440\u0435\u0441: R\u012bga, R\u0101mu\u013cu iela 29, LV-1005<\/p>\n<\/div>          <\/div>\n\t\t<\/div>\n        <div class=\"clearfix\"><\/div>\n    [\/vc_column_inner][\/vc_row_inner][\/vc_column][vc_column width=&#187;1\/2&#8243; css=&#187;.vc_custom_1598652413950{padding-top: 50px !important;}&#187; offset=&#187;vc_col-lg-6 vc_col-xs-12&#8243;][vc_gmaps link=&#187;#E-8_JTNDaWZyYW1lJTIwc3JjJTNEJTIyaHR0cHMlM0ElMkYlMkZ3d3cuZ29vZ2xlLmNvbSUyRm1hcHMlMkZlbWJlZCUzRnBiJTNEJTIxMW0xOCUyMTFtMTIlMjExbTMlMjExZDI0NTk1LjM0MzgwMzcxMTIyJTIxMmQyNC4xMTc5NzY0MTE1MDk4OCUyMTNkNTYuOTg0MDU0MDU1MDUwOTQlMjEybTMlMjExZjAlMjEyZjAlMjEzZjAlMjEzbTIlMjExaTEwMjQlMjEyaTc2OCUyMTRmMTMuMSUyMTNtMyUyMTFtMiUyMTFzMHg0NmVlY2ZhNmFhNThmZDMzJTI1M0EweDVhYjgyOGI1NTBhYTgwNWIlMjEyelVzU0JiWFhFdkhVZ2FXVnNZU0F5T1N3Z1dtbGxiV1hFdkhVZ2NtRnFiMjV6TENCU3hLdG5ZU3dnVEZZdE1UQXdOUSUyMTVlMCUyMTNtMiUyMTFzcnUlMjEyc2x2JTIxNHYxNzU3OTM0MjIwNTUzJTIxNW0yJTIxMXNydSUyMTJzbHYlMjIlMjB3aWR0aCUzRCUyMjYwMCUyMiUyMGhlaWdodCUzRCUyMjQwMCUyMiUyMHN0eWxlJTNEJTIyYm9yZGVyJTNBMCUzQiUyMiUyMGFsbG93ZnVsbHNjcmVlbiUzRCUyMiUyMiUyMGxvYWRpbmclM0QlMjJsYXp5JTIyJTIwcmVmZXJyZXJwb2xpY3klM0QlMjJuby1yZWZlcnJlci13aGVuLWRvd25ncmFkZSUyMiUzRSUzQyUyRmlmcmFtZSUzRQ==&#187;][\/vc_column][vc_column][\/vc_column][\/vc_row]<\/p>\n","protected":false},"excerpt":{"rendered":"<p>[vc_row css=&#187;.vc_custom_1671636401360{margin-top: -50px !important;}&#187;][vc_column][vc_empty_space][\/vc_column][\/vc_row][vc_row content_bg_color=&#187;bg-grey&#187; css=&#187;.vc_custom_1673279213711{margin-top: -35px !important;padding-top: 100px !important;padding-bottom: 40px !important;background-position: 0 0 !important;background-repeat: repeat !important;}&#187; el_id=&#187;contact-form&#187;][vc_column width=&#187;1\/2&#8243; offset=&#187;vc_col-lg-6 vc_col-xs-12&#8243;][vc_column_text] \u041f\u0435\u0440\u0435\u0434 \u043f\u043e\u0441\u0435\u0449\u0435\u043d\u0438\u0435\u043c \u043f\u0440\u043e\u0441\u044c\u0431\u0430 \u0437\u0432\u043e\u043d\u0438\u0442\u044c \u0438 \u0441\u043e\u0433\u043b\u0430\u0441\u043e\u0432\u0430\u0442\u044c \u0432\u0440\u0435\u043c\u044f. [\/vc_column_text][vc_row_inner css=&#187;.vc_custom_1591928298279{padding-top: 15px !important;padding-right: 10% !important;}&#187;][vc_column_inner width=&#187;1\/2&#8243;][\/vc_column_inner][vc_column_inner width=&#187;1\/2&#8243;][\/vc_column_inner][\/vc_row_inner][vc_row_inner css=&#187;.vc_custom_1591928298279{padding-top: 15px !important;padding-right: 10% !important;}&#187;][vc_column_inner][\/vc_column_inner][\/vc_row_inner][\/vc_column][vc_column width=&#187;1\/2&#8243; css=&#187;.vc_custom_1598652413950{padding-top: 50px !important;}&#187; offset=&#187;vc_col-lg-6 vc_col-xs-12&#8243;][vc_gmaps link=&#187;#E-8_JTNDaWZyYW1lJTIwc3JjJTNEJTIyaHR0cHMlM0ElMkYlMkZ3d3cuZ29vZ2xlLmNvbSUyRm1hcHMlMkZlbWJlZCUzRnBiJTNEJTIxMW0xOCUyMTFtMTIlMjExbTMlMjExZDI0NTk1LjM0MzgwMzcxMTIyJTIxMmQyNC4xMTc5NzY0MTE1MDk4OCUyMTNkNTYuOTg0MDU0MDU1MDUwOTQlMjEybTMlMjExZjAlMjEyZjAlMjEzZjAlMjEzbTIlMjExaTEwMjQlMjEyaTc2OCUyMTRmMTMuMSUyMTNtMyUyMTFtMiUyMTFzMHg0NmVlY2ZhNmFhNThmZDMzJTI1M0EweDVhYjgyOGI1NTBhYTgwNWIlMjEyelVzU0JiWFhFdkhVZ2FXVnNZU0F5T1N3Z1dtbGxiV1hFdkhVZ2NtRnFiMjV6TENCU3hLdG5ZU3dnVEZZdE1UQXdOUSUyMTVlMCUyMTNtMiUyMTFzcnUlMjEyc2x2JTIxNHYxNzU3OTM0MjIwNTUzJTIxNW0yJTIxMXNydSUyMTJzbHYlMjIlMjB3aWR0aCUzRCUyMjYwMCUyMiUyMGhlaWdodCUzRCUyMjQwMCUyMiUyMHN0eWxlJTNEJTIyYm9yZGVyJTNBMCUzQiUyMiUyMGFsbG93ZnVsbHNjcmVlbiUzRCUyMiUyMiUyMGxvYWRpbmclM0QlMjJsYXp5JTIyJTIwcmVmZXJyZXJwb2xpY3klM0QlMjJuby1yZWZlcnJlci13aGVuLWRvd25ncmFkZSUyMiUzRSUzQyUyRmlmcmFtZSUzRQ==&#187;][\/vc_column][vc_column][\/vc_column][\/vc_row]<\/p>\n","protected":false},"author":1,"featured_media":0,"parent":0,"menu_order":0,"comment_status":"closed","ping_status":"closed","template":"","meta":{"inline_featured_image":false},"yoast_head":"<!-- This site is optimized with the Yoast SEO plugin v18.3 - https:\/\/yoast.com\/wordpress\/plugins\/seo\/ -->\n<title>\u041a\u043e\u043d\u0442\u0430\u043a\u0442\u044b - ADM Solutions<\/title>\n<meta name=\"description\" content=\"Kontakti . ADM Solutions produktu kl\u0101st\u0101 ir da\u017e\u0101di tehniskie un industri\u0101lie materi\u0101li, k\u0101 ar\u012b pakalpojumi kuri ir saist\u012bti ar \u0161o produktu kl\u0101stu.\" \/>\n<meta name=\"robots\" content=\"index, follow, max-snippet:-1, max-image-preview:large, max-video-preview:-1\" \/>\n<link rel=\"canonical\" href=\"https:\/\/admsolutions.lv\/ru\/kontakty\/\" \/>\n<meta property=\"og:locale\" content=\"ru_RU\" \/>\n<meta property=\"og:type\" content=\"article\" \/>\n<meta property=\"og:title\" content=\"\u041a\u043e\u043d\u0442\u0430\u043a\u0442\u044b - ADM Solutions\" \/>\n<meta property=\"og:description\" content=\"Kontakti . ADM Solutions produktu kl\u0101st\u0101 ir da\u017e\u0101di tehniskie un industri\u0101lie materi\u0101li, k\u0101 ar\u012b pakalpojumi kuri ir saist\u012bti ar \u0161o produktu kl\u0101stu.\" \/>\n<meta property=\"og:url\" content=\"https:\/\/admsolutions.lv\/ru\/kontakty\/\" \/>\n<meta property=\"og:site_name\" content=\"ADM Solutions\" \/>\n<meta property=\"article:modified_time\" content=\"2025-09-15T11:08:18+00:00\" \/>\n<meta name=\"twitter:card\" content=\"summary_large_image\" \/>\n<meta name=\"twitter:label1\" content=\"\u041f\u0440\u0438\u043c\u0435\u0440\u043d\u043e\u0435 \u0432\u0440\u0435\u043c\u044f \u0434\u043b\u044f \u0447\u0442\u0435\u043d\u0438\u044f\" \/>\n\t<meta name=\"twitter:data1\" content=\"1 \u043c\u0438\u043d\u0443\u0442\u0430\" \/>\n<script type=\"application\/ld+json\" class=\"yoast-schema-graph\">{\"@context\":\"https:\/\/schema.org\",\"@graph\":[{\"@type\":\"WebSite\",\"@id\":\"https:\/\/admsolutions.lv\/ru\/#website\",\"url\":\"https:\/\/admsolutions.lv\/ru\/\",\"name\":\"ADM Solutions\",\"description\":\"\",\"potentialAction\":[{\"@type\":\"SearchAction\",\"target\":{\"@type\":\"EntryPoint\",\"urlTemplate\":\"https:\/\/admsolutions.lv\/ru\/?s={search_term_string}\"},\"query-input\":\"required name=search_term_string\"}],\"inLanguage\":\"ru-RU\"},{\"@type\":\"WebPage\",\"@id\":\"https:\/\/admsolutions.lv\/ru\/kontakty\/#webpage\",\"url\":\"https:\/\/admsolutions.lv\/ru\/kontakty\/\",\"name\":\"\u041a\u043e\u043d\u0442\u0430\u043a\u0442\u044b - ADM Solutions\",\"isPartOf\":{\"@id\":\"https:\/\/admsolutions.lv\/ru\/#website\"},\"datePublished\":\"2023-01-07T13:59:10+00:00\",\"dateModified\":\"2025-09-15T11:08:18+00:00\",\"description\":\"Kontakti . ADM Solutions produktu kl\u0101st\u0101 ir da\u017e\u0101di tehniskie un industri\u0101lie materi\u0101li, k\u0101 ar\u012b pakalpojumi kuri ir saist\u012bti ar \u0161o produktu kl\u0101stu.\",\"breadcrumb\":{\"@id\":\"https:\/\/admsolutions.lv\/ru\/kontakty\/#breadcrumb\"},\"inLanguage\":\"ru-RU\",\"potentialAction\":[{\"@type\":\"ReadAction\",\"target\":[\"https:\/\/admsolutions.lv\/ru\/kontakty\/\"]}]},{\"@type\":\"BreadcrumbList\",\"@id\":\"https:\/\/admsolutions.lv\/ru\/kontakty\/#breadcrumb\",\"itemListElement\":[{\"@type\":\"ListItem\",\"position\":1,\"name\":\"\u0413\u043b\u0430\u0432\u043d\u0430\u044f \u0441\u0442\u0440\u0430\u043d\u0438\u0446\u0430\",\"item\":\"https:\/\/admsolutions.lv\/ru\/\"},{\"@type\":\"ListItem\",\"position\":2,\"name\":\"\u041a\u043e\u043d\u0442\u0430\u043a\u0442\u044b\"}]}]}<\/script>\n<!-- \/ Yoast SEO plugin. -->","yoast_head_json":{"title":"\u041a\u043e\u043d\u0442\u0430\u043a\u0442\u044b - ADM Solutions","description":"Kontakti . ADM Solutions produktu kl\u0101st\u0101 ir da\u017e\u0101di tehniskie un industri\u0101lie materi\u0101li, k\u0101 ar\u012b pakalpojumi kuri ir saist\u012bti ar \u0161o produktu kl\u0101stu.","robots":{"index":"index","follow":"follow","max-snippet":"max-snippet:-1","max-image-preview":"max-image-preview:large","max-video-preview":"max-video-preview:-1"},"canonical":"https:\/\/admsolutions.lv\/ru\/kontakty\/","og_locale":"ru_RU","og_type":"article","og_title":"\u041a\u043e\u043d\u0442\u0430\u043a\u0442\u044b - ADM Solutions","og_description":"Kontakti . ADM Solutions produktu kl\u0101st\u0101 ir da\u017e\u0101di tehniskie un industri\u0101lie materi\u0101li, k\u0101 ar\u012b pakalpojumi kuri ir saist\u012bti ar \u0161o produktu kl\u0101stu.","og_url":"https:\/\/admsolutions.lv\/ru\/kontakty\/","og_site_name":"ADM Solutions","article_modified_time":"2025-09-15T11:08:18+00:00","twitter_card":"summary_large_image","twitter_misc":{"\u041f\u0440\u0438\u043c\u0435\u0440\u043d\u043e\u0435 \u0432\u0440\u0435\u043c\u044f \u0434\u043b\u044f \u0447\u0442\u0435\u043d\u0438\u044f":"1 \u043c\u0438\u043d\u0443\u0442\u0430"},"schema":{"@context":"https:\/\/schema.org","@graph":[{"@type":"WebSite","@id":"https:\/\/admsolutions.lv\/ru\/#website","url":"https:\/\/admsolutions.lv\/ru\/","name":"ADM Solutions","description":"","potentialAction":[{"@type":"SearchAction","target":{"@type":"EntryPoint","urlTemplate":"https:\/\/admsolutions.lv\/ru\/?s={search_term_string}"},"query-input":"required name=search_term_string"}],"inLanguage":"ru-RU"},{"@type":"WebPage","@id":"https:\/\/admsolutions.lv\/ru\/kontakty\/#webpage","url":"https:\/\/admsolutions.lv\/ru\/kontakty\/","name":"\u041a\u043e\u043d\u0442\u0430\u043a\u0442\u044b - ADM Solutions","isPartOf":{"@id":"https:\/\/admsolutions.lv\/ru\/#website"},"datePublished":"2023-01-07T13:59:10+00:00","dateModified":"2025-09-15T11:08:18+00:00","description":"Kontakti . ADM Solutions produktu kl\u0101st\u0101 ir da\u017e\u0101di tehniskie un industri\u0101lie materi\u0101li, k\u0101 ar\u012b pakalpojumi kuri ir saist\u012bti ar \u0161o produktu kl\u0101stu.","breadcrumb":{"@id":"https:\/\/admsolutions.lv\/ru\/kontakty\/#breadcrumb"},"inLanguage":"ru-RU","potentialAction":[{"@type":"ReadAction","target":["https:\/\/admsolutions.lv\/ru\/kontakty\/"]}]},{"@type":"BreadcrumbList","@id":"https:\/\/admsolutions.lv\/ru\/kontakty\/#breadcrumb","itemListElement":[{"@type":"ListItem","position":1,"name":"\u0413\u043b\u0430\u0432\u043d\u0430\u044f \u0441\u0442\u0440\u0430\u043d\u0438\u0446\u0430","item":"https:\/\/admsolutions.lv\/ru\/"},{"@type":"ListItem","position":2,"name":"\u041a\u043e\u043d\u0442\u0430\u043a\u0442\u044b"}]}]}},"_links":{"self":[{"href":"https:\/\/admsolutions.lv\/ru\/wp-json\/wp\/v2\/pages\/5012"}],"collection":[{"href":"https:\/\/admsolutions.lv\/ru\/wp-json\/wp\/v2\/pages"}],"about":[{"href":"https:\/\/admsolutions.lv\/ru\/wp-json\/wp\/v2\/types\/page"}],"author":[{"embeddable":true,"href":"https:\/\/admsolutions.lv\/ru\/wp-json\/wp\/v2\/users\/1"}],"replies":[{"embeddable":true,"href":"https:\/\/admsolutions.lv\/ru\/wp-json\/wp\/v2\/comments?post=5012"}],"version-history":[{"count":7,"href":"https:\/\/admsolutions.lv\/ru\/wp-json\/wp\/v2\/pages\/5012\/revisions"}],"predecessor-version":[{"id":6109,"href":"https:\/\/admsolutions.lv\/ru\/wp-json\/wp\/v2\/pages\/5012\/revisions\/6109"}],"wp:attachment":[{"href":"https:\/\/admsolutions.lv\/ru\/wp-json\/wp\/v2\/media?parent=5012"}],"curies":[{"name":"wp","href":"https:\/\/api.w.org\/{rel}","templated":true}]}}