{"id":5000,"date":"2023-01-07T13:14:04","date_gmt":"2023-01-07T13:14:04","guid":{"rendered":"https:\/\/test.admsolutions.lv\/par-mums\/"},"modified":"2025-06-10T16:20:09","modified_gmt":"2025-06-10T16:20:09","slug":"o-nas","status":"publish","type":"page","link":"https:\/\/admsolutions.lv\/ru\/o-nas\/","title":{"rendered":"\u041e \u043d\u0430\u0441"},"content":{"rendered":"<p>[vc_row css=&#187;.vc_custom_1671636401360{margin-top: -50px !important;}&#187;][vc_column][vc_empty_space]<div class=\"fancy_heading\" style=\"color:#f3ab24; font-size:61px; line-height:64px; text-align:center;  font-weight:700;  \"><h3 > \u0414\u043e\u0431\u0440\u043e \u043f\u043e\u0436\u0430\u043b\u043e\u0432\u0430\u0442\u044c \u043d\u0430 ADM Solutions<\/h3>        \n       \t\n\t\t\n\t<\/div>\n    [vc_empty_space][\/vc_column][\/vc_row][vc_row][vc_column width=&#187;1\/2&#8243;]<div class=\"fancy_heading\" style=\"color:#f3ab24; font-size:24px; line-height:28px; text-align:left;  font-weight:700;  \"><h3 > M\u016bsu uz\u0146\u0113muma darb\u012bba norisin\u0101s jau vair\u0101kus gadus, kuru laik\u0101 varam lepoties ar daudziem apmierin\u0101tiem klientiem!<\/h3>        \n       \t\n\t\t\n\t<\/div>\n    [vc_empty_space][vc_column_text]M\u016bsu uz\u0146\u0113muma darb\u012bba(pamat\u0101 met\u0101lapstr\u0101de) norisin\u0101s jau vair\u0101kus gadus, kuru laik\u0101 varam lepoties ar daudziem apmierin\u0101tiem klientiem, kuru vajadz\u012bbas un \u0113rt\u012bbas cen\u0161amies tur\u0113t pirmaj\u0101 viet\u0101.<br \/>\nPie mums grie\u017eas ar visda\u017e\u0101dakajiem m\u0113r\u0137iem, t\u0101d\u0113\u013c nep\u0101rtraukti un regul\u0101ri papildin\u0101m savu pre\u010du, materi\u0101lu un produktu kl\u0101stu, lai var\u0113tu pied\u0101v\u0101t adekv\u0101tus risin\u0101jumus jebkuram klientam un jebkur\u0101 situ\u0101cij\u0101. Pre\u010du un pakalpojumu kl\u0101sts ir apjom\u012bgs, t\u0101d\u0113\u013c varat b\u016bt dro\u0161i, ka atrad\u012bsiet ar\u012b sev nepiecie\u0161amo.<br \/>\nM\u016bsu sadarb\u012bbas partneri tiek izraudz\u012bti ar \u012bpa\u0161u r\u016bp\u012bbu, jo ir \u013coti svar\u012bgi p\u0101rst\u0101v\u0113t labi paz\u012bstamus z\u012bmolus, kuri izce\u013cas ar augstiem tehnolo\u0123iju un ra\u017eo\u0161anas standartiem, k\u0101 ar\u012b pied\u0101v\u0101t klientiem tikai pa\u0161u lab\u0101ko no vis\u0101m iesp\u0113j\u0101m.<\/p>\n<p><a href=\"https:\/\/admsolutions.lv\/wp-content\/uploads\/2025\/06\/AMD-Sertifikats_ENG.pdf\"><img loading=\"lazy\" class=\"alignnone wp-image-6082\" src=\"https:\/\/admsolutions.lv\/wp-content\/uploads\/2025\/06\/NDTW-9001-JAUNS-LOGO-496x239.jpg\" alt=\"\" width=\"226\" height=\"109\" \/><\/a>[\/vc_column_text][\/vc_column][vc_column width=&#187;1\/2&#8243;]\t\n    \t    <div class=\"fancy-image mo-img-group-single\" >\n\t\t\t<div class=\"mo-img-container-inner\"  >\n\t\t\t<figure><img src=\"https:\/\/admsolutions.lv\/wp-content\/uploads\/2023\/01\/PM-2.jpg\" alt=\"image\" \/><\/figure>\t\n\t\t\t<\/div><!-- \/.mo-img-container-inner -->\n\t\t<\/div><!-- \/.fancy-image -->\n\t\t\t\n    [\/vc_column][\/vc_row][vc_row][vc_column width=&#187;1\/2&#8243; offset=&#187;vc_hidden-xs&#187;]\t\n    \t    <div class=\"fancy-image mo-img-group-single\" >\n\t\t\t<div class=\"mo-img-container-inner\"  >\n\t\t\t<figure><img src=\"https:\/\/admsolutions.lv\/wp-content\/uploads\/2023\/01\/PM-1.jpg\" alt=\"image\" \/><\/figure>\t\n\t\t\t<\/div><!-- \/.mo-img-container-inner -->\n\t\t<\/div><!-- \/.fancy-image -->\n\t\t\t\n    [\/vc_column][vc_column width=&#187;1\/2&#8243;][vc_empty_space height=&#187;50px&#187;][vc_column_text]\u0160o partneru atlasi veic m\u016bsu uz\u0146\u0113muma speci\u0101listi, kuri piev\u0113r\u0161 \u012bpasu uzman\u012bbu produktu un materi\u0101lu izv\u0113lei, lai nodro\u0161in\u0101tu to, ka m\u016bsu pied\u0101v\u0101tais kl\u0101sts vis\u0101s t\u0101 izpausm\u0113s atspogu\u013co vienm\u0113r\u012bgu kvalit\u0101ti, iztur\u012bbu un ilgm\u016b\u017e\u012bbu.[\/vc_column_text]<div class=\"fancy_heading\" style=\"color:#f3ab24; font-size:24px; line-height:32px; text-align:left;  font-weight:700;  \"><h3 > ADM Solutions var lepoties ne vien ar lielisku pre\u010du un pakalpojumu piedav\u0101jumu<\/h3>        \n       \t\n\t\t\n\t<\/div>\n    [vc_empty_space][vc_column_text]ADM Solutions var lepoties ne vien ar lielisku pre\u010du un pakalpojumu piedav\u0101jumu, bet ar\u012b ar savu kompetento komandu, kur\u0101 ir apvienoti da\u017e\u0101du jomu lab\u0101kie speci\u0101listi. Mums ir svar\u012bgi sadarboties ar profesion\u0101\u013ciem, kuri ar prieku dal\u012bsies ar savu viedokli jaut\u0101jumos, kas ietekm\u0113 klienta sa\u0146emto pre\u010du un pakalpojumu kvalit\u0101ti vai to izmantojumu un uzst\u0101d\u012b\u0161anu. Tie\u0161i \u0161o speci\u0101listu sniegums mums dod iesp\u0113ju par\u016bp\u0113ties par nep\u0101rtrauktu kvalit\u0101tes pras\u012bbu nodro\u0161in\u0101\u0161anu visos uz\u0146\u0113muma aspektos.[\/vc_column_text][\/vc_column][\/vc_row][vc_row][vc_column width=&#187;1\/2&#8243;][vc_column_text]Jau vair\u0101kus gadus m\u016bsu klienti priec\u0101jas ar\u012b par \u0113rt\u012bb\u0101m, kuras sniedz \u0101tri apstr\u0101d\u0101tie un izpild\u012btie pakalpojumi. M\u016bsdien\u0101s laika vilcin\u0101\u0161anai nav vietas, t\u0101d\u0113\u013c tiecamies ekonom\u0113t klientu laiku, veicot pakalpojumus vis\u012bs\u0101kaj\u0101 iesp\u0113jamaj\u0101 laika posm\u0101. Mums r\u016bp klienta labkl\u0101j\u012bba, t\u0101d\u0113\u013c cen\u0161amies atvieglot un pa\u0101trin\u0101t visus ar ieg\u0101di saist\u012btos procesus.<\/p>\n<p>Uz\u0146\u0113mums ADM Solutions cen\u0161as ne tikai taup\u012bt j\u016bsu laiku, bet ar\u012b naudu. Lai gan pre\u010du un pakalpojumu pied\u0101v\u0101jumu raksturo nemain\u012bga kvalit\u0101te, tom\u0113r cena t\u0101 d\u0113\u013c vien netiek paaugstin\u0101ta. Mums ir svar\u012bgi, lai klients ieg\u016bst nevien augstv\u0113rt\u012bgu produktu, bet ar\u012b to par sapr\u0101t\u012bgu cenu. Klienti, kuri turpina pie mums atgriezties, nov\u0113rt\u0113 \u0161o faktoru, jo invest\u012bcijas da\u017e\u0101dos produktos, materi\u0101los un pakalpojumos var b\u016bt visai d\u0101rgas, tom\u0113r ADM Solutions pied\u0101v\u0101 visizdev\u012bgakos nosac\u012bjumus katram pirkumam un pas\u016bt\u012bjumam.[\/vc_column_text][\/vc_column][vc_column width=&#187;1\/2&#8243;]\t\n    \t    <div class=\"fancy-image mo-img-group-single\" >\n\t\t\t<div class=\"mo-img-container-inner\"  >\n\t\t\t<figure><img src=\"https:\/\/admsolutions.lv\/wp-content\/uploads\/2023\/01\/PM-3.jpg\" alt=\"image\" \/><\/figure>\t\n\t\t\t<\/div><!-- \/.mo-img-container-inner -->\n\t\t<\/div><!-- \/.fancy-image -->\n\t\t\t\n    [\/vc_column][\/vc_row][vc_row][vc_column width=&#187;1\/2&#8243; offset=&#187;vc_hidden-xs&#187;]\t\n    \t    <div class=\"fancy-image mo-img-group-single\" >\n\t\t\t<div class=\"mo-img-container-inner\"  >\n\t\t\t<figure><img src=\"https:\/\/admsolutions.lv\/wp-content\/uploads\/2023\/01\/PM-4.jpg\" alt=\"image\" \/><\/figure>\t\n\t\t\t<\/div><!-- \/.mo-img-container-inner -->\n\t\t<\/div><!-- \/.fancy-image -->\n\t\t\t\n    [\/vc_column][vc_column width=&#187;1\/2&#8243;][vc_empty_space height=&#187;50px&#187;][vc_column_text]M\u016bsu uz\u0146\u0113mums balst\u0101s uz veiksm\u012bgu mijiedarb\u012bbu ar m\u016bsu klientiem. Cen\u0161amies b\u016bt atsauc\u012bgi un pied\u0101v\u0101t risin\u0101jumus ar\u012b nestandarta situ\u0101cij\u0101s; m\u016bsu speci\u0101listi labpr\u0101t nodro\u0161ina ar\u012b padomu un viedokli, ja klients to v\u0113las. Cie\u0146pilna attieksme un pat\u012bkama komunik\u0101cija ir vienas no uz\u0146\u0113muma pamatv\u0113rt\u012bb\u0101m, kas mums \u013cauj veidot ilgsto\u0161as sadarb\u012bbas ar klientiem vair\u0101ku gadu garum\u0101, k\u0101 ar\u012b tas piesaista jaunus pirc\u0113jus, kuri nov\u0113rt\u0113 uz\u0146\u0113muma saskarsmes sp\u0113jas. Ja jums ir k\u0101di jaut\u0101jumi, tad aicin\u0101m ar mums sazin\u0101ties, izmantojot sada\u013c\u0101 \u2018Kontakti\u2019 nor\u0101d\u012bto t\u0101lru\u0146a numuru vai e-pasta adresi, vai ar\u012b varat doties pie mums uz tik\u0161anos kl\u0101tien\u0113.[\/vc_column_text][\/vc_column][\/vc_row][vc_row][vc_column][vc_row_inner][vc_column_inner width=&#187;1\/2&#8243;][\/vc_column_inner][vc_column_inner width=&#187;1\/2&#8243;][\/vc_column_inner][\/vc_row_inner][vc_empty_space][\/vc_column][\/vc_row]<\/p>\n","protected":false},"excerpt":{"rendered":"<p>[vc_row css=&#187;.vc_custom_1671636401360{margin-top: -50px !important;}&#187;][vc_column][vc_empty_space][vc_empty_space][\/vc_column][\/vc_row][vc_row][vc_column width=&#187;1\/2&#8243;][vc_empty_space][vc_column_text]M\u016bsu uz\u0146\u0113muma darb\u012bba(pamat\u0101 met\u0101lapstr\u0101de) norisin\u0101s jau vair\u0101kus gadus, kuru laik\u0101 varam lepoties ar daudziem apmierin\u0101tiem klientiem, kuru vajadz\u012bbas un \u0113rt\u012bbas cen\u0161amies tur\u0113t pirmaj\u0101 viet\u0101. Pie mums grie\u017eas ar visda\u017e\u0101dakajiem m\u0113r\u0137iem, t\u0101d\u0113\u013c nep\u0101rtraukti un regul\u0101ri papildin\u0101m savu pre\u010du, materi\u0101lu un produktu kl\u0101stu, lai var\u0113tu pied\u0101v\u0101t adekv\u0101tus risin\u0101jumus jebkuram klientam un jebkur\u0101 situ\u0101cij\u0101. [&hellip;]<\/p>\n","protected":false},"author":1,"featured_media":0,"parent":0,"menu_order":0,"comment_status":"closed","ping_status":"closed","template":"","meta":{"inline_featured_image":false},"yoast_head":"<!-- This site is optimized with the Yoast SEO plugin v18.3 - https:\/\/yoast.com\/wordpress\/plugins\/seo\/ -->\n<title>\u041e \u043d\u0430\u0441 - ADM Solutions<\/title>\n<meta name=\"description\" content=\"Par mums . ADM Solutions produktu kl\u0101st\u0101 ir da\u017e\u0101di tehniskie un industri\u0101lie materi\u0101li, k\u0101 ar\u012b pakalpojumi kuri ir saist\u012bti ar \u0161o produktu kl\u0101stu.\" \/>\n<meta name=\"robots\" content=\"index, follow, max-snippet:-1, max-image-preview:large, max-video-preview:-1\" \/>\n<link rel=\"canonical\" href=\"https:\/\/admsolutions.lv\/ru\/o-nas\/\" \/>\n<meta property=\"og:locale\" content=\"ru_RU\" \/>\n<meta property=\"og:type\" content=\"article\" \/>\n<meta property=\"og:title\" content=\"\u041e \u043d\u0430\u0441 - ADM Solutions\" \/>\n<meta property=\"og:description\" content=\"Par mums . ADM Solutions produktu kl\u0101st\u0101 ir da\u017e\u0101di tehniskie un industri\u0101lie materi\u0101li, k\u0101 ar\u012b pakalpojumi kuri ir saist\u012bti ar \u0161o produktu kl\u0101stu.\" \/>\n<meta property=\"og:url\" content=\"https:\/\/admsolutions.lv\/ru\/o-nas\/\" \/>\n<meta property=\"og:site_name\" content=\"ADM Solutions\" \/>\n<meta property=\"article:modified_time\" content=\"2025-06-10T16:20:09+00:00\" \/>\n<meta property=\"og:image\" content=\"https:\/\/admsolutions.lv\/wp-content\/uploads\/2025\/06\/NDTW-9001-JAUNS-LOGO-496x239.jpg\" \/>\n<meta name=\"twitter:card\" content=\"summary_large_image\" \/>\n<meta name=\"twitter:label1\" content=\"\u041f\u0440\u0438\u043c\u0435\u0440\u043d\u043e\u0435 \u0432\u0440\u0435\u043c\u044f \u0434\u043b\u044f \u0447\u0442\u0435\u043d\u0438\u044f\" \/>\n\t<meta name=\"twitter:data1\" content=\"3 \u043c\u0438\u043d\u0443\u0442\u044b\" \/>\n<script type=\"application\/ld+json\" class=\"yoast-schema-graph\">{\"@context\":\"https:\/\/schema.org\",\"@graph\":[{\"@type\":\"WebSite\",\"@id\":\"https:\/\/admsolutions.lv\/ru\/#website\",\"url\":\"https:\/\/admsolutions.lv\/ru\/\",\"name\":\"ADM Solutions\",\"description\":\"\",\"potentialAction\":[{\"@type\":\"SearchAction\",\"target\":{\"@type\":\"EntryPoint\",\"urlTemplate\":\"https:\/\/admsolutions.lv\/ru\/?s={search_term_string}\"},\"query-input\":\"required name=search_term_string\"}],\"inLanguage\":\"ru-RU\"},{\"@type\":\"ImageObject\",\"@id\":\"https:\/\/admsolutions.lv\/ru\/o-nas\/#primaryimage\",\"inLanguage\":\"ru-RU\",\"url\":\"https:\/\/admsolutions.lv\/wp-content\/uploads\/2025\/06\/NDTW-9001-JAUNS-LOGO-496x239.jpg\",\"contentUrl\":\"https:\/\/admsolutions.lv\/wp-content\/uploads\/2025\/06\/NDTW-9001-JAUNS-LOGO-496x239.jpg\",\"width\":496,\"height\":239},{\"@type\":\"WebPage\",\"@id\":\"https:\/\/admsolutions.lv\/ru\/o-nas\/#webpage\",\"url\":\"https:\/\/admsolutions.lv\/ru\/o-nas\/\",\"name\":\"\u041e \u043d\u0430\u0441 - ADM Solutions\",\"isPartOf\":{\"@id\":\"https:\/\/admsolutions.lv\/ru\/#website\"},\"primaryImageOfPage\":{\"@id\":\"https:\/\/admsolutions.lv\/ru\/o-nas\/#primaryimage\"},\"datePublished\":\"2023-01-07T13:14:04+00:00\",\"dateModified\":\"2025-06-10T16:20:09+00:00\",\"description\":\"Par mums . ADM Solutions produktu kl\u0101st\u0101 ir da\u017e\u0101di tehniskie un industri\u0101lie materi\u0101li, k\u0101 ar\u012b pakalpojumi kuri ir saist\u012bti ar \u0161o produktu kl\u0101stu.\",\"breadcrumb\":{\"@id\":\"https:\/\/admsolutions.lv\/ru\/o-nas\/#breadcrumb\"},\"inLanguage\":\"ru-RU\",\"potentialAction\":[{\"@type\":\"ReadAction\",\"target\":[\"https:\/\/admsolutions.lv\/ru\/o-nas\/\"]}]},{\"@type\":\"BreadcrumbList\",\"@id\":\"https:\/\/admsolutions.lv\/ru\/o-nas\/#breadcrumb\",\"itemListElement\":[{\"@type\":\"ListItem\",\"position\":1,\"name\":\"\u0413\u043b\u0430\u0432\u043d\u0430\u044f \u0441\u0442\u0440\u0430\u043d\u0438\u0446\u0430\",\"item\":\"https:\/\/admsolutions.lv\/ru\/\"},{\"@type\":\"ListItem\",\"position\":2,\"name\":\"\u041e \u043d\u0430\u0441\"}]}]}<\/script>\n<!-- \/ Yoast SEO plugin. -->","yoast_head_json":{"title":"\u041e \u043d\u0430\u0441 - ADM Solutions","description":"Par mums . ADM Solutions produktu kl\u0101st\u0101 ir da\u017e\u0101di tehniskie un industri\u0101lie materi\u0101li, k\u0101 ar\u012b pakalpojumi kuri ir saist\u012bti ar \u0161o produktu kl\u0101stu.","robots":{"index":"index","follow":"follow","max-snippet":"max-snippet:-1","max-image-preview":"max-image-preview:large","max-video-preview":"max-video-preview:-1"},"canonical":"https:\/\/admsolutions.lv\/ru\/o-nas\/","og_locale":"ru_RU","og_type":"article","og_title":"\u041e \u043d\u0430\u0441 - ADM Solutions","og_description":"Par mums . ADM Solutions produktu kl\u0101st\u0101 ir da\u017e\u0101di tehniskie un industri\u0101lie materi\u0101li, k\u0101 ar\u012b pakalpojumi kuri ir saist\u012bti ar \u0161o produktu kl\u0101stu.","og_url":"https:\/\/admsolutions.lv\/ru\/o-nas\/","og_site_name":"ADM Solutions","article_modified_time":"2025-06-10T16:20:09+00:00","og_image":[{"url":"https:\/\/admsolutions.lv\/wp-content\/uploads\/2025\/06\/NDTW-9001-JAUNS-LOGO-496x239.jpg"}],"twitter_card":"summary_large_image","twitter_misc":{"\u041f\u0440\u0438\u043c\u0435\u0440\u043d\u043e\u0435 \u0432\u0440\u0435\u043c\u044f \u0434\u043b\u044f \u0447\u0442\u0435\u043d\u0438\u044f":"3 \u043c\u0438\u043d\u0443\u0442\u044b"},"schema":{"@context":"https:\/\/schema.org","@graph":[{"@type":"WebSite","@id":"https:\/\/admsolutions.lv\/ru\/#website","url":"https:\/\/admsolutions.lv\/ru\/","name":"ADM Solutions","description":"","potentialAction":[{"@type":"SearchAction","target":{"@type":"EntryPoint","urlTemplate":"https:\/\/admsolutions.lv\/ru\/?s={search_term_string}"},"query-input":"required name=search_term_string"}],"inLanguage":"ru-RU"},{"@type":"ImageObject","@id":"https:\/\/admsolutions.lv\/ru\/o-nas\/#primaryimage","inLanguage":"ru-RU","url":"https:\/\/admsolutions.lv\/wp-content\/uploads\/2025\/06\/NDTW-9001-JAUNS-LOGO-496x239.jpg","contentUrl":"https:\/\/admsolutions.lv\/wp-content\/uploads\/2025\/06\/NDTW-9001-JAUNS-LOGO-496x239.jpg","width":496,"height":239},{"@type":"WebPage","@id":"https:\/\/admsolutions.lv\/ru\/o-nas\/#webpage","url":"https:\/\/admsolutions.lv\/ru\/o-nas\/","name":"\u041e \u043d\u0430\u0441 - ADM Solutions","isPartOf":{"@id":"https:\/\/admsolutions.lv\/ru\/#website"},"primaryImageOfPage":{"@id":"https:\/\/admsolutions.lv\/ru\/o-nas\/#primaryimage"},"datePublished":"2023-01-07T13:14:04+00:00","dateModified":"2025-06-10T16:20:09+00:00","description":"Par mums . ADM Solutions produktu kl\u0101st\u0101 ir da\u017e\u0101di tehniskie un industri\u0101lie materi\u0101li, k\u0101 ar\u012b pakalpojumi kuri ir saist\u012bti ar \u0161o produktu kl\u0101stu.","breadcrumb":{"@id":"https:\/\/admsolutions.lv\/ru\/o-nas\/#breadcrumb"},"inLanguage":"ru-RU","potentialAction":[{"@type":"ReadAction","target":["https:\/\/admsolutions.lv\/ru\/o-nas\/"]}]},{"@type":"BreadcrumbList","@id":"https:\/\/admsolutions.lv\/ru\/o-nas\/#breadcrumb","itemListElement":[{"@type":"ListItem","position":1,"name":"\u0413\u043b\u0430\u0432\u043d\u0430\u044f \u0441\u0442\u0440\u0430\u043d\u0438\u0446\u0430","item":"https:\/\/admsolutions.lv\/ru\/"},{"@type":"ListItem","position":2,"name":"\u041e \u043d\u0430\u0441"}]}]}},"_links":{"self":[{"href":"https:\/\/admsolutions.lv\/ru\/wp-json\/wp\/v2\/pages\/5000"}],"collection":[{"href":"https:\/\/admsolutions.lv\/ru\/wp-json\/wp\/v2\/pages"}],"about":[{"href":"https:\/\/admsolutions.lv\/ru\/wp-json\/wp\/v2\/types\/page"}],"author":[{"embeddable":true,"href":"https:\/\/admsolutions.lv\/ru\/wp-json\/wp\/v2\/users\/1"}],"replies":[{"embeddable":true,"href":"https:\/\/admsolutions.lv\/ru\/wp-json\/wp\/v2\/comments?post=5000"}],"version-history":[{"count":11,"href":"https:\/\/admsolutions.lv\/ru\/wp-json\/wp\/v2\/pages\/5000\/revisions"}],"predecessor-version":[{"id":6090,"href":"https:\/\/admsolutions.lv\/ru\/wp-json\/wp\/v2\/pages\/5000\/revisions\/6090"}],"wp:attachment":[{"href":"https:\/\/admsolutions.lv\/ru\/wp-json\/wp\/v2\/media?parent=5000"}],"curies":[{"name":"wp","href":"https:\/\/api.w.org\/{rel}","templated":true}]}}